{"id":5,"date":"2023-05-30T18:23:24","date_gmt":"2023-05-30T18:23:24","guid":{"rendered":"https:\/\/santana.gap.tur.br\/?page_id=5"},"modified":"2026-02-26T19:30:00","modified_gmt":"2026-02-26T19:30:00","slug":"empowerwp-pro","status":"publish","type":"page","link":"https:\/\/santana.gap.tur.br\/","title":{"rendered":"Front Page"},"content":{"rendered":"<div  data-label=\"Content\" data-id=\"content--2\" data-export-id=\"content-12\" data-category=\"content\" class=\"content-12 content-section content-section-spacing\" id=\"content-1\" style=\"background-color: rgb(245, 250, 253);\"><div  class=\"gridContainer\"> <div  class=\"row text-center\"><div  class=\"section-title-col\" data-type=\"column\"> <h2  class=\"\" style=\"border-bottom-color: rgb(153, 100, 84);\">Seu ref\u00fagio de simplicidade e f\u00e9 em Cachoeira Paulista<\/h2> <p  class=\"lead\">Al\u00e9m de estar h\u00e1 apenas 780m do Santu\u00e1rio Pai das Miseric\u00f3rdias, voc\u00ea conta com ambiente acolhedor, familiar e seguro. Em um mundo que corre, n\u00f3s oferecemos uma pausa. A Pousada Santana n\u00e3o foi feita de luxos, mas de verdade. Do cheiro de caf\u00e9 passado na hora ao conforto de um quarto que te acolhe de verdade depois de um dia de caminhada. Mais do que uma hospedagem, somos um lar para sua f\u00e9 e um descanso para sua alma. Aqui, o essencial \u00e9 o que fica: a paz que voc\u00ea busca e o aconchego que te far\u00e1 querer voltar.<\/p><\/div> <\/div> <div  class=\"row center-xs middle-xs\"> <div  class=\"col-sm-9\" data-type=\"column\"> <\/div> <\/div><\/div> <\/div><div  data-label=\"Fotos\" data-id=\"gallery--1\" data-export-id=\"gallery-2\" data-category=\"gallery\" class=\"gallery-2 content-section content-section-spacing\" id=\"fotos\" style=\"background-color: rgb(245, 250, 253);\"><div  class=\"\"> <div  class=\"row\"><div  class=\"col-xs-12 full-no-padding\" data-editable=\"true\" data-content-shortcode=\"mesmerize_gallery id=&quot;mesmerize-gallery-2&quot; columns=&quot;4&quot; ids=&quot;237,238,239,240,241,242,243,244&quot; lb=&quot;1&quot; masonry=&quot;0&quot; size=&quot;thumbnail&quot; link=&quot;file&quot; \"><div id='mesmerize-gallery-2' class='gallery-wrapper'><style type=\"text\/css\">\n                    @media only screen and (min-width: 768px) {\n                    [data-unique-id='mesmerize-gallery-2-6a04d8c6a51dd'] dl {\n                        float: left;\n                        width: 25% !important;\n                        max-width:  25% !important;\n                        min-width:  25% !important;\n                    }\n\n                    [data-unique-id='mesmerize-gallery-2-6a04d8c6a51dd'] dl:nth-of-type(4n +1 ) {\n                      clear: both;\n                      }\n                    }\n                <\/style><div id='mesmerize-gallery-2' class='mesmerize-gallery-2-dls-wrapper gallery-items-wrapper materialis-gallery' data-unique-id='mesmerize-gallery-2-6a04d8c6a51dd'><dl class='gallery-item'>\n\t\t\t<dt class='gallery-icon landscape'>\n\t\t\t\t<a data-fancybox=\"mesmerize-gallery-2-group\" href='https:\/\/santana.gap.tur.br\/wp-content\/uploads\/2025\/05\/Imagem-do-WhatsApp-de-2025-05-06-as-16.59.57_40eaf58c.jpg'><img loading=\"lazy\" decoding=\"async\"  width=\"150\" height=\"150\" src=\"https:\/\/santana.gap.tur.br\/wp-content\/uploads\/2025\/05\/Imagem-do-WhatsApp-de-2025-05-06-as-16.59.57_40eaf58c-150x150.jpg\"  class='mesmerize-gallery-2-image' alt=\"\" \/><\/a>\n\t\t\t<\/dt><\/dl><dl class='gallery-item'>\n\t\t\t<dt class='gallery-icon landscape'>\n\t\t\t\t<a data-fancybox=\"mesmerize-gallery-2-group\" href='https:\/\/santana.gap.tur.br\/wp-content\/uploads\/2025\/05\/Imagem-do-WhatsApp-de-2025-05-06-as-17.01.05_a06320fe.jpg'><img loading=\"lazy\" decoding=\"async\"  width=\"150\" height=\"150\" src=\"https:\/\/santana.gap.tur.br\/wp-content\/uploads\/2025\/05\/Imagem-do-WhatsApp-de-2025-05-06-as-17.01.05_a06320fe-150x150.jpg\"  class='mesmerize-gallery-2-image' alt=\"\" \/><\/a>\n\t\t\t<\/dt><\/dl><dl class='gallery-item'>\n\t\t\t<dt class='gallery-icon landscape'>\n\t\t\t\t<a data-fancybox=\"mesmerize-gallery-2-group\" href='https:\/\/santana.gap.tur.br\/wp-content\/uploads\/2025\/05\/Imagem-do-WhatsApp-de-2025-05-06-as-17.02.06_e2a3a887.jpg'><img loading=\"lazy\" decoding=\"async\"  width=\"150\" height=\"150\" src=\"https:\/\/santana.gap.tur.br\/wp-content\/uploads\/2025\/05\/Imagem-do-WhatsApp-de-2025-05-06-as-17.02.06_e2a3a887-150x150.jpg\"  class='mesmerize-gallery-2-image' alt=\"\" \/><\/a>\n\t\t\t<\/dt><\/dl><dl class='gallery-item'>\n\t\t\t<dt class='gallery-icon landscape'>\n\t\t\t\t<a data-fancybox=\"mesmerize-gallery-2-group\" href='https:\/\/santana.gap.tur.br\/wp-content\/uploads\/2025\/05\/Imagem-do-WhatsApp-de-2025-05-06-as-17.02.07_b068283b.jpg'><img loading=\"lazy\" decoding=\"async\"  width=\"150\" height=\"150\" src=\"https:\/\/santana.gap.tur.br\/wp-content\/uploads\/2025\/05\/Imagem-do-WhatsApp-de-2025-05-06-as-17.02.07_b068283b-150x150.jpg\"  class='mesmerize-gallery-2-image' alt=\"\" \/><\/a>\n\t\t\t<\/dt><\/dl><dl class='gallery-item'>\n\t\t\t<dt class='gallery-icon portrait'>\n\t\t\t\t<a data-fancybox=\"mesmerize-gallery-2-group\" href='https:\/\/santana.gap.tur.br\/wp-content\/uploads\/2025\/05\/Imagem-do-WhatsApp-de-2025-05-06-as-17.02.54_77beec1e.jpg'><img loading=\"lazy\" decoding=\"async\"  width=\"150\" height=\"150\" src=\"https:\/\/santana.gap.tur.br\/wp-content\/uploads\/2025\/05\/Imagem-do-WhatsApp-de-2025-05-06-as-17.02.54_77beec1e-150x150.jpg\"  class='mesmerize-gallery-2-image' alt=\"\" \/><\/a>\n\t\t\t<\/dt><\/dl><dl class='gallery-item'>\n\t\t\t<dt class='gallery-icon landscape'>\n\t\t\t\t<a data-fancybox=\"mesmerize-gallery-2-group\" href='https:\/\/santana.gap.tur.br\/wp-content\/uploads\/2025\/05\/Imagem-do-WhatsApp-de-2025-05-06-as-17.03.41_cac60ced.jpg'><img loading=\"lazy\" decoding=\"async\"  width=\"150\" height=\"150\" src=\"https:\/\/santana.gap.tur.br\/wp-content\/uploads\/2025\/05\/Imagem-do-WhatsApp-de-2025-05-06-as-17.03.41_cac60ced-150x150.jpg\"  class='mesmerize-gallery-2-image' alt=\"\" \/><\/a>\n\t\t\t<\/dt><\/dl><dl class='gallery-item'>\n\t\t\t<dt class='gallery-icon landscape'>\n\t\t\t\t<a data-fancybox=\"mesmerize-gallery-2-group\" href='https:\/\/santana.gap.tur.br\/wp-content\/uploads\/2025\/05\/Imagem-do-WhatsApp-de-2025-05-06-as-17.04.43_762089c0.jpg'><img loading=\"lazy\" decoding=\"async\"  width=\"150\" height=\"150\" src=\"https:\/\/santana.gap.tur.br\/wp-content\/uploads\/2025\/05\/Imagem-do-WhatsApp-de-2025-05-06-as-17.04.43_762089c0-150x150.jpg\"  class='mesmerize-gallery-2-image' alt=\"\" \/><\/a>\n\t\t\t<\/dt><\/dl><dl class='gallery-item'>\n\t\t\t<dt class='gallery-icon landscape'>\n\t\t\t\t<a data-fancybox=\"mesmerize-gallery-2-group\" href='https:\/\/santana.gap.tur.br\/wp-content\/uploads\/2025\/05\/Imagem-do-WhatsApp-de-2025-05-06-as-17.18.18_ca12305d.jpg'><img loading=\"lazy\" decoding=\"async\"  width=\"150\" height=\"150\" src=\"https:\/\/santana.gap.tur.br\/wp-content\/uploads\/2025\/05\/Imagem-do-WhatsApp-de-2025-05-06-as-17.18.18_ca12305d-150x150.jpg\"  class='mesmerize-gallery-2-image' alt=\"\" \/><\/a>\n\t\t\t<\/dt><\/dl>\n\t\t<\/div>\n<script>(function($){window.MaterialisCaptionsGallery && window.MaterialisCaptionsGallery($('[data-unique-id=\"mesmerize-gallery-2-6a04d8c6a51dd\"]'))})(jQuery)<\/script><\/div><\/div><\/div> <\/div><\/div><div  data-label=\"Services\" data-id=\"content--1\" data-export-id=\"content-5\" data-category=\"content\" class=\"content-5 content-section content-section-spacing\" id=\"services-1\" style=\"background-color: rgb(245, 250, 253);\"><div  class=\"gridContainer\"> <div  class=\"row text-center\"><div  class=\"section-title-col\" data-type=\"column\"> <h2  class=\"\" style=\"border-bottom-color: rgb(153, 100, 84);\">Conforto e comodidade em cada detalhe<\/h2> <p  class=\"lead\">A Pousada Santana nasceu de um sonho simples: oferecer mais do que uma cama, um verdadeiro ponto de apoio para os peregrinos que visitam nossa cidade. Acreditamos que a hospitalidade \u00e9 uma forma de carinho, cada canto da nossa pousada foi pensado para ser uma extens\u00e3o da sua casa.<br >\nN\u00e3o temos grandes formalidades, mas temos sorrisos sinceros. N\u00e3o temos um card\u00e1pio internacional, mas temos o sabor inesquec\u00edvel da comida feita com afeto. Nossa maior miss\u00e3o \u00e9 garantir que, ao final da sua estadia, voc\u00ea leve na bagagem n\u00e3o apenas lembran\u00e7as de renova\u00e7\u00e3o de f\u00e9, mas a certeza de que tem um lugar seguro e acolhedor para voltar.<\/p><\/div> <\/div> <div  class=\"row middle-sm\"> <div  class=\"col-sm-6 space-bottom-xs\"> <div  class=\"row space-bottom content-holder\" data-type=\"column\">  <\/div> <div  class=\"row space-bottom\" data-type=\"row\">    <div  class=\"col-sm-6 space-bottom\"> <i  class=\"fa icon medium fa-wheelchair-alt reverse round color1\"><\/i> <h5  class=\"\">Instala\u00e7\u00f5es para PcD<\/h5> <p  class=\"\">Oferecemos quartos projetados para atender \u00e0s necessidades de todos.<\/p><\/div><div  class=\"col-sm-6 space-bottom\"> <i  class=\"fa icon medium fa-coffee reverse round color1\"><\/i> <h5  class=\"\">Caf\u00e9 da manh\u00e3<\/h5> <p  class=\"\">Delicie-se com nosso caf\u00e9 da manh\u00e3 variado e saboroso.<\/p><\/div><div  class=\"col-sm-6 space-bottom\"> <i  class=\"fa icon medium fa-bed reverse round color1\"><\/i> <h5  class=\"\">Roupa de cama<\/h5> <p  class=\"\">Noites de sono confort\u00e1veis com roupa de cama de qualidade.<\/p><\/div><div  class=\"col-sm-6 space-bottom\"> <i  class=\"fa icon medium fa-wifi reverse round color1\"><\/i>  <h5  class=\"\">Wi-Fi<\/h5><p  class=\"\">Mantenha-se conectado com nosso Wi-Fi gratuito em todas as \u00e1reas.<\/p><\/div><\/div><\/div> <div  class=\"col-sm-6 flexbox around-xs top-xs space-bottom-xs\"><div  class=\"overlay-box flexbox middle-xs center-xs overlay-holder\"> <div  class=\"overlay-box-offset offset-background shadow-medium bg-color2 hide-xs\"><\/div> <img  decoding=\"async\" class=\"flexbox shadow-large img1\" data-size=\"485x632\" src=\"https:\/\/santana.gap.tur.br\/wp-content\/uploads\/2025\/05\/cropped-Imagem-do-WhatsApp-de-2025-05-06-as-16.59.57_40eaf58c.jpg\" title=\"cropped-Imagem-do-WhatsApp-de-2025-05-06-as-16.59.57_40eaf58c.jpg\" alt=\"\"><\/div> <\/div><\/div> <\/div><\/div><div  data-label=\"Services2\" data-id=\"features--2\" data-export-id=\"features-13\" data-category=\"features\" class=\"features-13 content-section content-section-spacing\" id=\"services2\" style=\"background-color: rgb(245, 250, 253);\"><div  class=\"gridContainer\"> <div  class=\"row text-center\"><div  class=\"section-title-col\" data-type=\"column\">  <\/div> <\/div> <div  class=\"row spaced-cols start-sm\" data-type=\"row\">     <div  class=\"col col-sm-6 space-bottom col-md-4\">    <\/div><\/div><\/div> <\/div><div  data-label=\"Contact\" data-id=\"contact--3\" data-export-id=\"contact-7\" data-category=\"contact\" class=\"contact-7 content-section content-section-spacing white-text\" data-parallax-depth=\"20\" id=\"contact-1\" style=\"background-color: rgb(245, 250, 253); background-image: url(&quot;https:\/\/santana.gap.tur.br\/wp-content\/uploads\/2025\/05\/Imagem-do-WhatsApp-de-2025-05-06-as-17.02.06_e2a3a887.jpg&quot;); background-size: cover; background-position: center top;\" data-section-ov=\"1\"><div  class=\"gridContainer\"> <div  class=\"row text-center\"><div  class=\"col-xs-12\"> <div  class=\"card no-padding\"><div  class=\"row\"> <div  class=\"col-xs-12 col-sm-6 contact-form-wrapper inline-info shadow-medium\"><h2  class=\"text-center font-300 color-black\" style=\"border-bottom-color: rgb(153, 100, 84);\">Fale Conosco<\/h2> <div  class=\"\" data-content-shortcode=\"mesmerize_contact_form shortcode=&quot;wpforms id=&amp;amp;quot;81&amp;amp;quot; title=&amp;amp;quot;false&amp;amp;quot;&quot;\" data-editable=\"true\"><style id=\"wpforms-css-vars-81\">\n\t\t\t\t#wpforms-81 {\n\t\t\t\t\n\t\t\t}\n\t\t\t<\/style><div class=\"wpforms-container wpforms-container-full wpforms-render-modern\" id=\"wpforms-81\"><form id=\"wpforms-form-81\" class=\"wpforms-validate wpforms-form wpforms-ajax-form\" data-formid=\"81\" method=\"post\" enctype=\"multipart\/form-data\" action=\"\/index.php?rest_route=%2Fwp%2Fv2%2Fpages%2F5\" data-token=\"df1eb4d7b1261a3766cb8d43d6851013\" data-token-time=\"1778702534\"><noscript class=\"wpforms-error-noscript\">Ative o JavaScript no seu navegador para preencher este formul\u00e1rio.<\/noscript><div id=\"wpforms-error-noscript\" style=\"display: none;\">Ative o JavaScript no seu navegador para preencher este formul\u00e1rio.<\/div><div class=\"wpforms-field-container\"><div id=\"wpforms-81-field_1-container\" class=\"wpforms-field wpforms-field-name\" data-field-id=\"1\"><label class=\"wpforms-field-label\" for=\"wpforms-81-field_1\">Nome <span class=\"wpforms-required-label\" aria-hidden=\"true\">*<\/span><\/label><input type=\"text\" id=\"wpforms-81-field_1\" class=\"wpforms-field-medium wpforms-field-required\" name=\"wpforms[fields][1]\" placeholder=\"Insira o seu nome.\" aria-errormessage=\"wpforms-81-field_1-error\" required><\/div><div id=\"wpforms-81-field_6-container\" class=\"wpforms-field wpforms-field-text\" data-field-id=\"6\"><label class=\"wpforms-field-label\" for=\"wpforms-81-field_6\">Celular <span class=\"wpforms-required-label\" aria-hidden=\"true\">*<\/span><\/label><input type=\"text\" id=\"wpforms-81-field_6\" class=\"wpforms-field-medium wpforms-field-required\" name=\"wpforms[fields][6]\" placeholder=\"(xx) xxxxx-xxxx\" aria-errormessage=\"wpforms-81-field_6-error\" required><\/div><div id=\"wpforms-81-field_3-container\" class=\"wpforms-field wpforms-field-email\" data-field-id=\"3\"><label class=\"wpforms-field-label\" for=\"wpforms-81-field_3\">E-mail <span class=\"wpforms-required-label\" aria-hidden=\"true\">*<\/span><\/label><input type=\"email\" id=\"wpforms-81-field_3\" class=\"wpforms-field-medium wpforms-field-required\" name=\"wpforms[fields][3]\" placeholder=\"Insira o seu e-mail.\" spellcheck=\"false\" aria-errormessage=\"wpforms-81-field_3-error\" required><\/div><div id=\"wpforms-81-field_4-container\" class=\"wpforms-field wpforms-field-textarea\" data-field-id=\"4\"><label class=\"wpforms-field-label\" for=\"wpforms-81-field_4\">Envie sua mensagem <span class=\"wpforms-required-label\" aria-hidden=\"true\">*<\/span><\/label><textarea id=\"wpforms-81-field_4\" class=\"wpforms-field-medium wpforms-field-required\" name=\"wpforms[fields][4]\" placeholder=\"Escreva aqui a sua mensagem.\" aria-errormessage=\"wpforms-81-field_4-error\" required><\/textarea><\/div><\/div><!-- .wpforms-field-container --><div class=\"wpforms-submit-container\" ><input type=\"hidden\" name=\"wpforms[id]\" value=\"81\"><input type=\"hidden\" name=\"page_title\" value=\"\"><input type=\"hidden\" name=\"page_url\" value=\"https:\/\/santana.gap.tur.br\/index.php?rest_route=\/wp\/v2\/pages\/5\"><input type=\"hidden\" name=\"url_referer\" value=\"\"><button type=\"submit\" name=\"wpforms[submit]\" id=\"wpforms-submit-81\" class=\"wpforms-submit\" data-alt-text=\"Enviando a sua mensagem\u2026\" data-submit-text=\"Enviar mensagem\" aria-live=\"assertive\" value=\"wpforms-submit\">Enviar mensagem<\/button><img loading=\"lazy\" decoding=\"async\" src=\"https:\/\/santana.gap.tur.br\/wp-content\/plugins\/wpforms-lite\/assets\/images\/submit-spin.svg\" class=\"wpforms-submit-spinner\" style=\"display: none;\" width=\"26\" height=\"26\" alt=\"Carregando\"><\/div><\/form><\/div>  <!-- .wpforms-container --><\/div><\/div> <div  class=\"col-xs-12 col-sm-6 map-col\"><div  data-content-shortcode=\"mesmerize_maps address=&quot;Rua Benedito de Oliveira, 50 - Alto da Bela Vista - Cachoeira Paulista\/SP, 12630-000&quot; zoom=&quot;65&quot;\" data-editable=\"true\" class=\"map-wrapper\">        <div class=\"mesmerize-google-maps\" style=\"width:100%\">\n            <iframe style=\"width:100%; height:100%;min-height:inherit;display:block;\" src=\"https:\/\/maps.google.com\/maps?q=Rua%20Benedito%20de%20Oliveira,%2050%20-%20Alto%20da%20Bela%20Vista%20-%20Cachoeira%20Paulista\/SP,%2012630-000&#038;z=14&#038;output=embed&#038;iwloc=near\"><\/iframe>\n        <\/div>\n    <\/div><\/div> <\/div><\/div> <\/div><\/div> <\/div><\/div>","protected":false},"excerpt":{"rendered":"<p>Seu ref\u00fagio de simplicidade e f\u00e9 em Cachoeira Paulista Al\u00e9m de estar h\u00e1 apenas 780m do Santu\u00e1rio Pai das Miseric\u00f3rdias, voc\u00ea conta com ambiente acolhedor, familiar e seguro. Em um mundo que corre, n\u00f3s oferecemos uma pausa. A Pousada Santana n\u00e3o foi feita de luxos, mas de verdade. Do cheiro de caf\u00e9 passado na hora&hellip; <br \/> <a class=\"read-more\" href=\"https:\/\/santana.gap.tur.br\/\">Read more<\/a><\/p>\n","protected":false},"author":1,"featured_media":0,"parent":0,"menu_order":0,"comment_status":"closed","ping_status":"closed","template":"page-templates\/homepage.php","meta":{"footnotes":""},"class_list":["post-5","page","type-page","status-publish","hentry"],"yoast_head":"<!-- This site is optimized with the Yoast SEO Premium plugin v20.1 (Yoast SEO v27.0) - https:\/\/yoast.com\/product\/yoast-seo-premium-wordpress\/ -->\n<title>Pousada S&#039;Antana<\/title>\n<meta name=\"robots\" content=\"index, follow, max-snippet:-1, max-image-preview:large, max-video-preview:-1\" \/>\n<link rel=\"canonical\" href=\"https:\/\/santana.gap.tur.br\/\" \/>\n<meta property=\"og:locale\" content=\"pt_BR\" \/>\n<meta property=\"og:type\" content=\"article\" \/>\n<meta property=\"og:title\" content=\"Front Page\" \/>\n<meta property=\"og:description\" content=\"Seu ref\u00fagio de simplicidade e f\u00e9 em Cachoeira Paulista Al\u00e9m de estar h\u00e1 apenas 780m do Santu\u00e1rio Pai das Miseric\u00f3rdias, voc\u00ea conta com ambiente acolhedor, familiar e seguro. Em um mundo que corre, n\u00f3s oferecemos uma pausa. A Pousada Santana n\u00e3o foi feita de luxos, mas de verdade. Do cheiro de caf\u00e9 passado na hora&hellip; Read more\" \/>\n<meta property=\"og:url\" content=\"https:\/\/santana.gap.tur.br\/\" \/>\n<meta property=\"og:site_name\" content=\"Pousada S&#039;Antana\" \/>\n<meta property=\"article:modified_time\" content=\"2026-02-26T19:30:00+00:00\" \/>\n<meta property=\"og:image\" content=\"https:\/\/santana.gap.tur.br\/wp-content\/uploads\/2025\/05\/cropped-Imagem-do-WhatsApp-de-2025-05-06-as-16.59.57_40eaf58c.jpg\" \/>\n<meta name=\"twitter:card\" content=\"summary_large_image\" \/>\n<meta name=\"twitter:label1\" content=\"Est. tempo de leitura\" \/>\n\t<meta name=\"twitter:data1\" content=\"2 minutos\" \/>\n<script type=\"application\/ld+json\" class=\"yoast-schema-graph\">{\"@context\":\"https:\/\/schema.org\",\"@graph\":[{\"@type\":\"WebPage\",\"@id\":\"https:\/\/santana.gap.tur.br\/\",\"url\":\"https:\/\/santana.gap.tur.br\/\",\"name\":\"Pousada S&#039;Antana\",\"isPartOf\":{\"@id\":\"https:\/\/santana.gap.tur.br\/#website\"},\"primaryImageOfPage\":{\"@id\":\"https:\/\/santana.gap.tur.br\/#primaryimage\"},\"image\":{\"@id\":\"https:\/\/santana.gap.tur.br\/#primaryimage\"},\"thumbnailUrl\":\"https:\/\/santana.gap.tur.br\/wp-content\/uploads\/2025\/05\/cropped-Imagem-do-WhatsApp-de-2025-05-06-as-16.59.57_40eaf58c.jpg\",\"datePublished\":\"2023-05-30T18:23:24+00:00\",\"dateModified\":\"2026-02-26T19:30:00+00:00\",\"breadcrumb\":{\"@id\":\"https:\/\/santana.gap.tur.br\/#breadcrumb\"},\"inLanguage\":\"pt-BR\",\"potentialAction\":[{\"@type\":\"ReadAction\",\"target\":[\"https:\/\/santana.gap.tur.br\/\"]}]},{\"@type\":\"ImageObject\",\"inLanguage\":\"pt-BR\",\"@id\":\"https:\/\/santana.gap.tur.br\/#primaryimage\",\"url\":\"https:\/\/santana.gap.tur.br\/wp-content\/uploads\/2025\/05\/cropped-Imagem-do-WhatsApp-de-2025-05-06-as-16.59.57_40eaf58c.jpg\",\"contentUrl\":\"https:\/\/santana.gap.tur.br\/wp-content\/uploads\/2025\/05\/cropped-Imagem-do-WhatsApp-de-2025-05-06-as-16.59.57_40eaf58c.jpg\",\"width\":686,\"height\":894},{\"@type\":\"BreadcrumbList\",\"@id\":\"https:\/\/santana.gap.tur.br\/#breadcrumb\",\"itemListElement\":[{\"@type\":\"ListItem\",\"position\":1,\"name\":\"Home\",\"item\":\"https:\/\/santana.gap.tur.br\/\"},{\"@type\":\"ListItem\",\"position\":2,\"name\":\"Front Page\"}]},{\"@type\":\"WebSite\",\"@id\":\"https:\/\/santana.gap.tur.br\/#website\",\"url\":\"https:\/\/santana.gap.tur.br\/\",\"name\":\"Pousada S&#039;Antana\",\"description\":\"\",\"publisher\":{\"@id\":\"https:\/\/santana.gap.tur.br\/#organization\"},\"potentialAction\":[{\"@type\":\"SearchAction\",\"target\":{\"@type\":\"EntryPoint\",\"urlTemplate\":\"https:\/\/santana.gap.tur.br\/?s={search_term_string}\"},\"query-input\":{\"@type\":\"PropertyValueSpecification\",\"valueRequired\":true,\"valueName\":\"search_term_string\"}}],\"inLanguage\":\"pt-BR\"},{\"@type\":\"Organization\",\"@id\":\"https:\/\/santana.gap.tur.br\/#organization\",\"name\":\"Pousada S&#039;Antana\",\"url\":\"https:\/\/santana.gap.tur.br\/\",\"logo\":{\"@type\":\"ImageObject\",\"inLanguage\":\"pt-BR\",\"@id\":\"https:\/\/santana.gap.tur.br\/#\/schema\/logo\/image\/\",\"url\":\"https:\/\/santana.gap.tur.br\/wp-content\/uploads\/2025\/05\/logo.png\",\"contentUrl\":\"https:\/\/santana.gap.tur.br\/wp-content\/uploads\/2025\/05\/logo.png\",\"width\":510,\"height\":239,\"caption\":\"Pousada S&#039;Antana\"},\"image\":{\"@id\":\"https:\/\/santana.gap.tur.br\/#\/schema\/logo\/image\/\"}}]}<\/script>\n<!-- \/ Yoast SEO Premium plugin. -->","yoast_head_json":{"title":"Pousada S&#039;Antana","robots":{"index":"index","follow":"follow","max-snippet":"max-snippet:-1","max-image-preview":"max-image-preview:large","max-video-preview":"max-video-preview:-1"},"canonical":"https:\/\/santana.gap.tur.br\/","og_locale":"pt_BR","og_type":"article","og_title":"Front Page","og_description":"Seu ref\u00fagio de simplicidade e f\u00e9 em Cachoeira Paulista Al\u00e9m de estar h\u00e1 apenas 780m do Santu\u00e1rio Pai das Miseric\u00f3rdias, voc\u00ea conta com ambiente acolhedor, familiar e seguro. Em um mundo que corre, n\u00f3s oferecemos uma pausa. A Pousada Santana n\u00e3o foi feita de luxos, mas de verdade. Do cheiro de caf\u00e9 passado na hora&hellip; Read more","og_url":"https:\/\/santana.gap.tur.br\/","og_site_name":"Pousada S&#039;Antana","article_modified_time":"2026-02-26T19:30:00+00:00","og_image":[{"url":"https:\/\/santana.gap.tur.br\/wp-content\/uploads\/2025\/05\/cropped-Imagem-do-WhatsApp-de-2025-05-06-as-16.59.57_40eaf58c.jpg","type":"","width":"","height":""}],"twitter_card":"summary_large_image","twitter_misc":{"Est. tempo de leitura":"2 minutos"},"schema":{"@context":"https:\/\/schema.org","@graph":[{"@type":"WebPage","@id":"https:\/\/santana.gap.tur.br\/","url":"https:\/\/santana.gap.tur.br\/","name":"Pousada S&#039;Antana","isPartOf":{"@id":"https:\/\/santana.gap.tur.br\/#website"},"primaryImageOfPage":{"@id":"https:\/\/santana.gap.tur.br\/#primaryimage"},"image":{"@id":"https:\/\/santana.gap.tur.br\/#primaryimage"},"thumbnailUrl":"https:\/\/santana.gap.tur.br\/wp-content\/uploads\/2025\/05\/cropped-Imagem-do-WhatsApp-de-2025-05-06-as-16.59.57_40eaf58c.jpg","datePublished":"2023-05-30T18:23:24+00:00","dateModified":"2026-02-26T19:30:00+00:00","breadcrumb":{"@id":"https:\/\/santana.gap.tur.br\/#breadcrumb"},"inLanguage":"pt-BR","potentialAction":[{"@type":"ReadAction","target":["https:\/\/santana.gap.tur.br\/"]}]},{"@type":"ImageObject","inLanguage":"pt-BR","@id":"https:\/\/santana.gap.tur.br\/#primaryimage","url":"https:\/\/santana.gap.tur.br\/wp-content\/uploads\/2025\/05\/cropped-Imagem-do-WhatsApp-de-2025-05-06-as-16.59.57_40eaf58c.jpg","contentUrl":"https:\/\/santana.gap.tur.br\/wp-content\/uploads\/2025\/05\/cropped-Imagem-do-WhatsApp-de-2025-05-06-as-16.59.57_40eaf58c.jpg","width":686,"height":894},{"@type":"BreadcrumbList","@id":"https:\/\/santana.gap.tur.br\/#breadcrumb","itemListElement":[{"@type":"ListItem","position":1,"name":"Home","item":"https:\/\/santana.gap.tur.br\/"},{"@type":"ListItem","position":2,"name":"Front Page"}]},{"@type":"WebSite","@id":"https:\/\/santana.gap.tur.br\/#website","url":"https:\/\/santana.gap.tur.br\/","name":"Pousada S&#039;Antana","description":"","publisher":{"@id":"https:\/\/santana.gap.tur.br\/#organization"},"potentialAction":[{"@type":"SearchAction","target":{"@type":"EntryPoint","urlTemplate":"https:\/\/santana.gap.tur.br\/?s={search_term_string}"},"query-input":{"@type":"PropertyValueSpecification","valueRequired":true,"valueName":"search_term_string"}}],"inLanguage":"pt-BR"},{"@type":"Organization","@id":"https:\/\/santana.gap.tur.br\/#organization","name":"Pousada S&#039;Antana","url":"https:\/\/santana.gap.tur.br\/","logo":{"@type":"ImageObject","inLanguage":"pt-BR","@id":"https:\/\/santana.gap.tur.br\/#\/schema\/logo\/image\/","url":"https:\/\/santana.gap.tur.br\/wp-content\/uploads\/2025\/05\/logo.png","contentUrl":"https:\/\/santana.gap.tur.br\/wp-content\/uploads\/2025\/05\/logo.png","width":510,"height":239,"caption":"Pousada S&#039;Antana"},"image":{"@id":"https:\/\/santana.gap.tur.br\/#\/schema\/logo\/image\/"}}]}},"_links":{"self":[{"href":"https:\/\/santana.gap.tur.br\/index.php?rest_route=\/wp\/v2\/pages\/5","targetHints":{"allow":["GET"]}}],"collection":[{"href":"https:\/\/santana.gap.tur.br\/index.php?rest_route=\/wp\/v2\/pages"}],"about":[{"href":"https:\/\/santana.gap.tur.br\/index.php?rest_route=\/wp\/v2\/types\/page"}],"author":[{"embeddable":true,"href":"https:\/\/santana.gap.tur.br\/index.php?rest_route=\/wp\/v2\/users\/1"}],"replies":[{"embeddable":true,"href":"https:\/\/santana.gap.tur.br\/index.php?rest_route=%2Fwp%2Fv2%2Fcomments&post=5"}],"version-history":[{"count":61,"href":"https:\/\/santana.gap.tur.br\/index.php?rest_route=\/wp\/v2\/pages\/5\/revisions"}],"predecessor-version":[{"id":270,"href":"https:\/\/santana.gap.tur.br\/index.php?rest_route=\/wp\/v2\/pages\/5\/revisions\/270"}],"wp:attachment":[{"href":"https:\/\/santana.gap.tur.br\/index.php?rest_route=%2Fwp%2Fv2%2Fmedia&parent=5"}],"curies":[{"name":"wp","href":"https:\/\/api.w.org\/{rel}","templated":true}]}}